{"id":93,"date":"2025-08-07T15:15:43","date_gmt":"2025-08-07T13:15:43","guid":{"rendered":"https:\/\/photographie-vallon.com\/?page_id=93"},"modified":"2025-08-08T10:36:48","modified_gmt":"2025-08-08T08:36:48","slug":"qui-sommes-nous","status":"publish","type":"page","link":"https:\/\/photographie-vallon.com\/index.php\/qui-sommes-nous\/","title":{"rendered":"Qui sommes-nous"},"content":{"rendered":"\t\t<div data-elementor-type=\"wp-page\" data-elementor-id=\"93\" class=\"elementor elementor-93\" data-elementor-post-type=\"page\">\n\t\t\t\t<div class=\"elementor-element elementor-element-95e44b6 e-flex e-con-boxed e-con e-parent\" data-id=\"95e44b6\" data-element_type=\"container\">\n\t\t\t\t\t<div class=\"e-con-inner\">\n\t\t\t\t<div class=\"elementor-element elementor-element-762622d elementor-widget elementor-widget-spacer\" data-id=\"762622d\" data-element_type=\"widget\" data-widget_type=\"spacer.default\">\n\t\t\t\t<div class=\"elementor-widget-container\">\n\t\t\t\t\t\t\t<div class=\"elementor-spacer\">\n\t\t\t<div class=\"elementor-spacer-inner\"><\/div>\n\t\t<\/div>\n\t\t\t\t\t\t<\/div>\n\t\t\t\t<\/div>\n\t\t\t\t<div class=\"elementor-element elementor-element-2f25c01 elementor-widget elementor-widget-image\" data-id=\"2f25c01\" data-element_type=\"widget\" data-widget_type=\"image.default\">\n\t\t\t\t<div class=\"elementor-widget-container\">\n\t\t\t\t\t\t\t\t\t\t\t\t\t\t\t<img fetchpriority=\"high\" decoding=\"async\" width=\"556\" height=\"144\" src=\"https:\/\/photographie-vallon.com\/wp-content\/uploads\/2024\/11\/Logo_ADPV.png\" class=\"attachment-full size-full wp-image-12\" alt=\"\" srcset=\"https:\/\/photographie-vallon.com\/wp-content\/uploads\/2024\/11\/Logo_ADPV.png 556w, https:\/\/photographie-vallon.com\/wp-content\/uploads\/2024\/11\/Logo_ADPV-300x78.png 300w\" sizes=\"(max-width: 556px) 100vw, 556px\" \/>\t\t\t\t\t\t\t\t\t\t\t\t\t\t\t<\/div>\n\t\t\t\t<\/div>\n\t\t\t\t<div class=\"elementor-element elementor-element-6415ab0 elementor-widget elementor-widget-text-editor\" data-id=\"6415ab0\" data-element_type=\"widget\" data-widget_type=\"text-editor.default\">\n\t\t\t\t<div class=\"elementor-widget-container\">\n\t\t\t\t\t\t\t\t\t<div class=\"elementor-element elementor-element-80e1889 elementor-widget elementor-widget-text-editor\" data-id=\"80e1889\" data-element_type=\"widget\" data-widget_type=\"text-editor.default\"><div class=\"elementor-widget-container\"><p>La photographie est un territoire artistique aux enjeux des plus actuels et\u00a0passionnants. L\u2019Association du D\u00e9veloppement de la Photographie dans le Vallon vous propose de l\u2019explorer avec elle en soutenant le projet artistique et culturel men\u00e9 par le Centre d\u2019art photographique Pierre Soulages.<\/p><p>Amateurs ou connaisseurs, vous voulez \u00e9changer autour de la photographie et souhaitez accompagner le projet port\u00e9 par le Centre d\u2019art photographique de mani\u00e8re conviviale.<\/p><p>Devenir membre de l\u2019association, c\u2019est :<\/p><p>\u2013 rejoindre une communaut\u00e9 int\u00e9ress\u00e9e par la d\u00e9couverte et le partage de la photographie<\/p><p>\u2013 soutenir financi\u00e8rement les projets artistiques et culturels port\u00e9s par le Centre d\u2019Art photographique<\/p><p>\u2013 b\u00e9n\u00e9ficier de temps de rencontres privil\u00e9gi\u00e9es avec les artistes, des invitations aux vernissages, projections et conf\u00e9rences.<\/p><p>Notre activit\u00e9 s\u2019\u00e9labore autour de 3 axes :<\/p><ul><li>la mise en place d\u2019expositions ;<\/li><li>l\u2019organisation de stages p\u00e9dagogiques ;<\/li><li>des rencontres, des d\u00e9bats et des conf\u00e9rences autour de la photographie.<\/li><\/ul><p>L\u2019objectif de notre association est de participer \u00e0 la promotion et sensibilisation de l\u2019art photographique sous toutes ses formes, actuelles et \u00e0 venir. Proposer une m\u00e9diation de ce m\u00e9dium aupr\u00e8s de publics divers par la mise en place d\u2019expositions, stages p\u00e9dagogiques, rencontres, festival\u2026<\/p><p>Partenaire du\u00a0<strong>Centre d\u2019Art Photographique Pierre Soulages<\/strong> qui a \u00e9t\u00e9 cr\u00e9\u00e9 en juin 2022, notre mission est de cr\u00e9er des animations en liaison avec le Centre d\u2019Art Photographique (stages, rencontres, projections, conf\u00e9rences\u2026) et de mettre en place un festival photographique sur le territoire de Conques-Marcillac.<\/p><\/div><\/div>\t\t\t\t\t\t\t\t<\/div>\n\t\t\t\t<\/div>\n\t\t\t\t<div class=\"elementor-element elementor-element-e4b01dc elementor-widget elementor-widget-spacer\" data-id=\"e4b01dc\" data-element_type=\"widget\" data-widget_type=\"spacer.default\">\n\t\t\t\t<div class=\"elementor-widget-container\">\n\t\t\t\t\t\t\t<div class=\"elementor-spacer\">\n\t\t\t<div class=\"elementor-spacer-inner\"><\/div>\n\t\t<\/div>\n\t\t\t\t\t\t<\/div>\n\t\t\t\t<\/div>\n\t\t\t\t<div class=\"elementor-element elementor-element-93a4556 elementor-widget elementor-widget-heading\" data-id=\"93a4556\" data-element_type=\"widget\" data-widget_type=\"heading.default\">\n\t\t\t\t<div class=\"elementor-widget-container\">\n\t\t\t\t\t<h2 class=\"elementor-heading-title elementor-size-default\">nos partenaires<\/h2>\t\t\t\t<\/div>\n\t\t\t\t<\/div>\n\t\t\t\t<div class=\"elementor-element elementor-element-76c4685 elementor-skin-carousel elementor-arrows-yes elementor-pagination-type-bullets elementor-pagination-position-outside elementor-widget elementor-widget-media-carousel\" data-id=\"76c4685\" data-element_type=\"widget\" data-settings=\"{&quot;slides_per_view&quot;:&quot;8&quot;,&quot;slides_to_scroll&quot;:&quot;2&quot;,&quot;space_between&quot;:{&quot;unit&quot;:&quot;px&quot;,&quot;size&quot;:20,&quot;sizes&quot;:[]},&quot;skin&quot;:&quot;carousel&quot;,&quot;effect&quot;:&quot;slide&quot;,&quot;show_arrows&quot;:&quot;yes&quot;,&quot;pagination&quot;:&quot;bullets&quot;,&quot;speed&quot;:500,&quot;autoplay&quot;:&quot;yes&quot;,&quot;autoplay_speed&quot;:5000,&quot;loop&quot;:&quot;yes&quot;,&quot;pause_on_hover&quot;:&quot;yes&quot;,&quot;pause_on_interaction&quot;:&quot;yes&quot;,&quot;space_between_tablet&quot;:{&quot;unit&quot;:&quot;px&quot;,&quot;size&quot;:10,&quot;sizes&quot;:[]},&quot;space_between_mobile&quot;:{&quot;unit&quot;:&quot;px&quot;,&quot;size&quot;:10,&quot;sizes&quot;:[]}}\" data-widget_type=\"media-carousel.default\">\n\t\t\t\t<div class=\"elementor-widget-container\">\n\t\t\t\t\t\t\t\t\t<div class=\"elementor-swiper\">\n\t\t\t\t\t<div class=\"elementor-main-swiper swiper\" role=\"region\" aria-roledescription=\"carousel\" aria-label=\"Bandeau Partenaire\">\n\t\t\t\t<div class=\"swiper-wrapper\">\n\t\t\t\t\t\t\t\t\t\t\t<div class=\"swiper-slide\" role=\"group\" aria-roledescription=\"slide\">\n\t\t\t\t\t\t\t<a href=\"https:\/\/www.rodezagglo.fr\" target=\"_blank\">\t\t<div class=\"elementor-carousel-image\" role=\"img\" aria-label=\"Part01_Agglo\" style=\"background-image: url(&#039;https:\/\/photographie-vallon.com\/wp-content\/uploads\/2025\/08\/Part01_Agglo-300x300.jpg&#039;)\">\n\n\t\t\t\n\t\t\t\t\t<\/div>\n\t\t<\/a>\t\t\t\t\t\t<\/div>\n\t\t\t\t\t\t\t\t\t\t\t<div class=\"swiper-slide\" role=\"group\" aria-roledescription=\"slide\">\n\t\t\t\t\t\t\t<a href=\"https:\/\/cc-conques-marcillac.fr\" target=\"_blank\">\t\t<div class=\"elementor-carousel-image\" role=\"img\" aria-label=\"Part02-CCCM\" style=\"background-image: url(&#039;https:\/\/photographie-vallon.com\/wp-content\/uploads\/2025\/08\/Part02-CCCM-300x300.jpg&#039;)\">\n\n\t\t\t\n\t\t\t\t\t<\/div>\n\t\t<\/a>\t\t\t\t\t\t<\/div>\n\t\t\t\t\t\t\t\t\t\t\t<div class=\"swiper-slide\" role=\"group\" aria-roledescription=\"slide\">\n\t\t\t\t\t\t\t<a href=\"https:\/\/www.ville-rodez.fr\" target=\"_blank\">\t\t<div class=\"elementor-carousel-image\" role=\"img\" aria-label=\"Part03_Ville\" style=\"background-image: url(&#039;https:\/\/photographie-vallon.com\/wp-content\/uploads\/2025\/08\/Part03_Ville-300x300.jpg&#039;)\">\n\n\t\t\t\n\t\t\t\t\t<\/div>\n\t\t<\/a>\t\t\t\t\t\t<\/div>\n\t\t\t\t\t\t\t\t\t\t\t<div class=\"swiper-slide\" role=\"group\" aria-roledescription=\"slide\">\n\t\t\t\t\t\t\t<a href=\"https:\/\/www.marcillacvallon.fr\" target=\"_blank\">\t\t<div class=\"elementor-carousel-image\" role=\"img\" aria-label=\"Part04_Marcillac\" style=\"background-image: url(&#039;https:\/\/photographie-vallon.com\/wp-content\/uploads\/2025\/08\/Part04_Marcillac-300x300.jpg&#039;)\">\n\n\t\t\t\n\t\t\t\t\t<\/div>\n\t\t<\/a>\t\t\t\t\t\t<\/div>\n\t\t\t\t\t\t\t\t\t\t\t<div class=\"swiper-slide\" role=\"group\" aria-roledescription=\"slide\">\n\t\t\t\t\t\t\t<a href=\"https:\/\/www.tourisme-conques.fr\" target=\"_blank\">\t\t<div class=\"elementor-carousel-image\" role=\"img\" aria-label=\"Part05_OT\" style=\"background-image: url(&#039;https:\/\/photographie-vallon.com\/wp-content\/uploads\/2025\/08\/Part05_OT-300x300.jpg&#039;)\">\n\n\t\t\t\n\t\t\t\t\t<\/div>\n\t\t<\/a>\t\t\t\t\t\t<\/div>\n\t\t\t\t\t\t\t\t\t\t\t<div class=\"swiper-slide\" role=\"group\" aria-roledescription=\"slide\">\n\t\t\t\t\t\t\t<a href=\"https:\/\/natera.coop\" target=\"_blank\">\t\t<div class=\"elementor-carousel-image\" role=\"img\" aria-label=\"Part06_Natera\" style=\"background-image: url(&#039;https:\/\/photographie-vallon.com\/wp-content\/uploads\/2025\/08\/Part06_Natera-300x300.jpg&#039;)\">\n\n\t\t\t\n\t\t\t\t\t<\/div>\n\t\t<\/a>\t\t\t\t\t\t<\/div>\n\t\t\t\t\t\t\t\t\t\t\t<div class=\"swiper-slide\" role=\"group\" aria-roledescription=\"slide\">\n\t\t\t\t\t\t\t<a href=\"http:\/\/www.vigneronsduvallon.com\" target=\"_blank\">\t\t<div class=\"elementor-carousel-image\" role=\"img\" aria-label=\"Part07_Vallon\" style=\"background-image: url(&#039;https:\/\/photographie-vallon.com\/wp-content\/uploads\/2025\/08\/Part07_Vallon-300x300.jpg&#039;)\">\n\n\t\t\t\n\t\t\t\t\t<\/div>\n\t\t<\/a>\t\t\t\t\t\t<\/div>\n\t\t\t\t\t\t\t\t\t\t\t<div class=\"swiper-slide\" role=\"group\" aria-roledescription=\"slide\">\n\t\t\t\t\t\t\t<a href=\"https:\/\/www.lanauze.com\/ed-t-accueil\/\" target=\"_blank\">\t\t<div class=\"elementor-carousel-image\" role=\"img\" aria-label=\"Part09_ED-Terr\" style=\"background-image: url(&#039;https:\/\/photographie-vallon.com\/wp-content\/uploads\/2025\/08\/Part09_ED-Terr-300x300.jpg&#039;)\">\n\n\t\t\t\n\t\t\t\t\t<\/div>\n\t\t<\/a>\t\t\t\t\t\t<\/div>\n\t\t\t\t\t\t\t\t\t\t\t<div class=\"swiper-slide\" role=\"group\" aria-roledescription=\"slide\">\n\t\t\t\t\t\t\t<a href=\"https:\/\/www.societedeslettresaveyron.fr\" target=\"_blank\">\t\t<div class=\"elementor-carousel-image\" role=\"img\" aria-label=\"Part08_SLA\" style=\"background-image: url(&#039;https:\/\/photographie-vallon.com\/wp-content\/uploads\/2025\/08\/Part08_SLA-300x300.jpg&#039;)\">\n\n\t\t\t\n\t\t\t\t\t<\/div>\n\t\t<\/a>\t\t\t\t\t\t<\/div>\n\t\t\t\t\t\t\t\t\t\t\t<div class=\"swiper-slide\" role=\"group\" aria-roledescription=\"slide\">\n\t\t\t\t\t\t\t<a href=\"https:\/\/www.vins-aveyron.fr\" target=\"_blank\">\t\t<div class=\"elementor-carousel-image\" role=\"img\" aria-label=\"Part10_Vins\" style=\"background-image: url(&#039;https:\/\/photographie-vallon.com\/wp-content\/uploads\/2025\/08\/Part10_Vins-300x300.jpg&#039;)\">\n\n\t\t\t\n\t\t\t\t\t<\/div>\n\t\t<\/a>\t\t\t\t\t\t<\/div>\n\t\t\t\t\t\t\t\t\t\t\t<div class=\"swiper-slide\" role=\"group\" aria-roledescription=\"slide\">\n\t\t\t\t\t\t\t<a href=\"https:\/\/www.stbourrou.fr\" target=\"_blank\">\t\t<div class=\"elementor-carousel-image\" role=\"img\" aria-label=\"Part11_Bourrou\" style=\"background-image: url(&#039;https:\/\/photographie-vallon.com\/wp-content\/uploads\/2025\/08\/Part11_Bourrou-300x300.jpg&#039;)\">\n\n\t\t\t\n\t\t\t\t\t<\/div>\n\t\t<\/a>\t\t\t\t\t\t<\/div>\n\t\t\t\t\t\t\t\t\t\t\t<div class=\"swiper-slide\" role=\"group\" aria-roledescription=\"slide\">\n\t\t\t\t\t\t\t<a href=\"http:\/\/www.lanauze-audiovisuel.com\" target=\"_blank\">\t\t<div class=\"elementor-carousel-image\" role=\"img\" aria-label=\"Part12-LNA\" style=\"background-image: url(&#039;https:\/\/photographie-vallon.com\/wp-content\/uploads\/2025\/08\/Part12-LNA-300x300.jpg&#039;)\">\n\n\t\t\t\n\t\t\t\t\t<\/div>\n\t\t<\/a>\t\t\t\t\t\t<\/div>\n\t\t\t\t\t\t\t\t\t<\/div>\n\t\t\t\t\t\t\t\t\t\t\t\t\t\t\t<div class=\"elementor-swiper-button elementor-swiper-button-prev\" role=\"button\" tabindex=\"0\" aria-label=\"Pr\u00e9c\u00e9dent\">\n\t\t\t\t\t\t\t<svg aria-hidden=\"true\" class=\"e-font-icon-svg e-eicon-chevron-left\" viewBox=\"0 0 1000 1000\" xmlns=\"http:\/\/www.w3.org\/2000\/svg\"><path d=\"M646 125C629 125 613 133 604 142L308 442C296 454 292 471 292 487 292 504 296 521 308 533L604 854C617 867 629 875 646 875 663 875 679 871 692 858 704 846 713 829 713 812 713 796 708 779 692 767L438 487 692 225C700 217 708 204 708 187 708 171 704 154 692 142 675 129 663 125 646 125Z\"><\/path><\/svg>\t\t\t\t\t\t<\/div>\n\t\t\t\t\t\t<div class=\"elementor-swiper-button elementor-swiper-button-next\" role=\"button\" tabindex=\"0\" aria-label=\"Suivant\">\n\t\t\t\t\t\t\t<svg aria-hidden=\"true\" class=\"e-font-icon-svg e-eicon-chevron-right\" viewBox=\"0 0 1000 1000\" xmlns=\"http:\/\/www.w3.org\/2000\/svg\"><path d=\"M696 533C708 521 713 504 713 487 713 471 708 454 696 446L400 146C388 133 375 125 354 125 338 125 325 129 313 142 300 154 292 171 292 187 292 204 296 221 308 233L563 492 304 771C292 783 288 800 288 817 288 833 296 850 308 863 321 871 338 875 354 875 371 875 388 867 400 854L696 533Z\"><\/path><\/svg>\t\t\t\t\t\t<\/div>\n\t\t\t\t\t\t\t\t\t\t\t\t\t\t\t\t<div class=\"swiper-pagination\"><\/div>\n\t\t\t\t\t\t\t\t\t\t\t\t<\/div>\n\t\t\t\t<\/div>\n\t\t\t\t\t\t\t\t<\/div>\n\t\t\t\t<\/div>\n\t\t\t\t<div class=\"elementor-element elementor-element-d129ba6 elementor-widget elementor-widget-spacer\" data-id=\"d129ba6\" data-element_type=\"widget\" data-widget_type=\"spacer.default\">\n\t\t\t\t<div class=\"elementor-widget-container\">\n\t\t\t\t\t\t\t<div class=\"elementor-spacer\">\n\t\t\t<div class=\"elementor-spacer-inner\"><\/div>\n\t\t<\/div>\n\t\t\t\t\t\t<\/div>\n\t\t\t\t<\/div>\n\t\t\t\t\t<\/div>\n\t\t\t\t<\/div>\n\t\t\t\t<\/div>\n\t\t","protected":false},"excerpt":{"rendered":"<p>La photographie est un territoire artistique aux enjeux des plus actuels et\u00a0passionnants. L\u2019Association du D\u00e9veloppement de la Photographie dans le Vallon vous propose de l\u2019explorer avec elle en soutenant le projet artistique et culturel men\u00e9 par le Centre d\u2019art photographique Pierre Soulages. Amateurs ou connaisseurs, vous voulez \u00e9changer autour de la photographie et souhaitez accompagner [&hellip;]<\/p>\n","protected":false},"author":1,"featured_media":0,"parent":0,"menu_order":0,"comment_status":"closed","ping_status":"closed","template":"","meta":{"footnotes":""},"class_list":["post-93","page","type-page","status-publish","hentry"],"_links":{"self":[{"href":"https:\/\/photographie-vallon.com\/index.php\/wp-json\/wp\/v2\/pages\/93","targetHints":{"allow":["GET"]}}],"collection":[{"href":"https:\/\/photographie-vallon.com\/index.php\/wp-json\/wp\/v2\/pages"}],"about":[{"href":"https:\/\/photographie-vallon.com\/index.php\/wp-json\/wp\/v2\/types\/page"}],"author":[{"embeddable":true,"href":"https:\/\/photographie-vallon.com\/index.php\/wp-json\/wp\/v2\/users\/1"}],"replies":[{"embeddable":true,"href":"https:\/\/photographie-vallon.com\/index.php\/wp-json\/wp\/v2\/comments?post=93"}],"version-history":[{"count":10,"href":"https:\/\/photographie-vallon.com\/index.php\/wp-json\/wp\/v2\/pages\/93\/revisions"}],"predecessor-version":[{"id":293,"href":"https:\/\/photographie-vallon.com\/index.php\/wp-json\/wp\/v2\/pages\/93\/revisions\/293"}],"wp:attachment":[{"href":"https:\/\/photographie-vallon.com\/index.php\/wp-json\/wp\/v2\/media?parent=93"}],"curies":[{"name":"wp","href":"https:\/\/api.w.org\/{rel}","templated":true}]}}